{"id":1475,"date":"2023-04-01T14:32:33","date_gmt":"2023-04-01T14:32:33","guid":{"rendered":"https:\/\/mirafood.com\/?page_id=1475"},"modified":"2023-12-09T15:14:14","modified_gmt":"2023-12-09T15:14:14","slug":"blog","status":"publish","type":"page","link":"https:\/\/mirafood.com\/index.php\/blog\/","title":{"rendered":"BLOG"},"content":{"rendered":"\t\t<div data-elementor-type=\"wp-page\" data-elementor-id=\"1475\" class=\"elementor elementor-1475\" data-elementor-post-type=\"page\">\n\t\t\t\t\t\t\t\t\t<section class=\"elementor-section elementor-top-section elementor-element elementor-element-a913c28 elementor-section-boxed elementor-section-height-default elementor-section-height-default\" data-id=\"a913c28\" data-element_type=\"section\">\n\t\t\t\t\t\t<div class=\"elementor-container elementor-column-gap-default\">\n\t\t\t\t\t<div class=\"elementor-column elementor-col-100 elementor-top-column elementor-element elementor-element-f10ee17\" data-id=\"f10ee17\" data-element_type=\"column\">\n\t\t\t<div class=\"elementor-widget-wrap elementor-element-populated\">\n\t\t\t\t\t\t\t\t<div class=\"elementor-element elementor-element-387a013 elementor-widget elementor-widget-spacer\" data-id=\"387a013\" data-element_type=\"widget\" data-widget_type=\"spacer.default\">\n\t\t\t\t<div class=\"elementor-widget-container\">\n\t\t\t<style>\/*! elementor - v3.18.0 - 08-12-2023 *\/\n.elementor-column .elementor-spacer-inner{height:var(--spacer-size)}.e-con{--container-widget-width:100%}.e-con-inner>.elementor-widget-spacer,.e-con>.elementor-widget-spacer{width:var(--container-widget-width,var(--spacer-size));--align-self:var(--container-widget-align-self,initial);--flex-shrink:0}.e-con-inner>.elementor-widget-spacer>.elementor-widget-container,.e-con>.elementor-widget-spacer>.elementor-widget-container{height:100%;width:100%}.e-con-inner>.elementor-widget-spacer>.elementor-widget-container>.elementor-spacer,.e-con>.elementor-widget-spacer>.elementor-widget-container>.elementor-spacer{height:100%}.e-con-inner>.elementor-widget-spacer>.elementor-widget-container>.elementor-spacer>.elementor-spacer-inner,.e-con>.elementor-widget-spacer>.elementor-widget-container>.elementor-spacer>.elementor-spacer-inner{height:var(--container-widget-height,var(--spacer-size))}.e-con-inner>.elementor-widget-spacer.elementor-widget-empty,.e-con>.elementor-widget-spacer.elementor-widget-empty{position:relative;min-height:22px;min-width:22px}.e-con-inner>.elementor-widget-spacer.elementor-widget-empty .elementor-widget-empty-icon,.e-con>.elementor-widget-spacer.elementor-widget-empty .elementor-widget-empty-icon{position:absolute;top:0;bottom:0;left:0;right:0;margin:auto;padding:0;width:22px;height:22px}<\/style>\t\t<div class=\"elementor-spacer\">\n\t\t\t<div class=\"elementor-spacer-inner\"><\/div>\n\t\t<\/div>\n\t\t\t\t<\/div>\n\t\t\t\t<\/div>\n\t\t\t\t<div class=\"elementor-element elementor-element-4915d40 elementor-grid-3 elementor-grid-tablet-2 elementor-grid-mobile-1 elementor-posts--thumbnail-top elementor-card-shadow-yes elementor-posts__hover-gradient elementor-widget elementor-widget-posts\" data-id=\"4915d40\" data-element_type=\"widget\" data-settings=\"{&quot;cards_row_gap&quot;:{&quot;unit&quot;:&quot;px&quot;,&quot;size&quot;:33,&quot;sizes&quot;:[]},&quot;pagination_type&quot;:&quot;prev_next&quot;,&quot;cards_columns&quot;:&quot;3&quot;,&quot;cards_columns_tablet&quot;:&quot;2&quot;,&quot;cards_columns_mobile&quot;:&quot;1&quot;,&quot;cards_row_gap_tablet&quot;:{&quot;unit&quot;:&quot;px&quot;,&quot;size&quot;:&quot;&quot;,&quot;sizes&quot;:[]},&quot;cards_row_gap_mobile&quot;:{&quot;unit&quot;:&quot;px&quot;,&quot;size&quot;:&quot;&quot;,&quot;sizes&quot;:[]}}\" data-widget_type=\"posts.cards\">\n\t\t\t\t<div class=\"elementor-widget-container\">\n\t\t\t<link rel=\"stylesheet\" href=\"https:\/\/mirafood.com\/wp-content\/plugins\/elementor-pro\/assets\/css\/widget-posts.min.css\">\t\t<div class=\"elementor-posts-container elementor-posts elementor-posts--skin-cards elementor-grid\">\n\t\t\t\t<article class=\"elementor-post elementor-grid-item post-1995 post type-post status-publish format-standard has-post-thumbnail hentry category-uncategorized\">\n\t\t\t<div class=\"elementor-post__card\">\n\t\t\t\t<a class=\"elementor-post__thumbnail__link\" href=\"https:\/\/mirafood.com\/index.php\/2023\/12\/09\/mira-food-lauthenticite-et-la-qualite-dans-chaque-bouchee\/\" tabindex=\"-1\" ><div class=\"elementor-post__thumbnail\"><img fetchpriority=\"high\" decoding=\"async\" width=\"300\" height=\"300\" src=\"https:\/\/mirafood.com\/wp-content\/uploads\/2023\/12\/\u0635\u0648\u0631\u0629-\u0648\u0627\u062a\u0633\u0627\u0628-\u0628\u062a\u0627\u0631\u064a\u062e-2023-12-14-\u0641\u064a-15.30.05_507fa71f-300x300.jpg\" class=\"attachment-medium size-medium wp-image-2134\" alt=\"\" srcset=\"https:\/\/mirafood.com\/wp-content\/uploads\/2023\/12\/\u0635\u0648\u0631\u0629-\u0648\u0627\u062a\u0633\u0627\u0628-\u0628\u062a\u0627\u0631\u064a\u062e-2023-12-14-\u0641\u064a-15.30.05_507fa71f-300x300.jpg 300w, https:\/\/mirafood.com\/wp-content\/uploads\/2023\/12\/\u0635\u0648\u0631\u0629-\u0648\u0627\u062a\u0633\u0627\u0628-\u0628\u062a\u0627\u0631\u064a\u062e-2023-12-14-\u0641\u064a-15.30.05_507fa71f-1024x1024.jpg 1024w, https:\/\/mirafood.com\/wp-content\/uploads\/2023\/12\/\u0635\u0648\u0631\u0629-\u0648\u0627\u062a\u0633\u0627\u0628-\u0628\u062a\u0627\u0631\u064a\u062e-2023-12-14-\u0641\u064a-15.30.05_507fa71f-150x150.jpg 150w, https:\/\/mirafood.com\/wp-content\/uploads\/2023\/12\/\u0635\u0648\u0631\u0629-\u0648\u0627\u062a\u0633\u0627\u0628-\u0628\u062a\u0627\u0631\u064a\u062e-2023-12-14-\u0641\u064a-15.30.05_507fa71f-768x768.jpg 768w, https:\/\/mirafood.com\/wp-content\/uploads\/2023\/12\/\u0635\u0648\u0631\u0629-\u0648\u0627\u062a\u0633\u0627\u0628-\u0628\u062a\u0627\u0631\u064a\u062e-2023-12-14-\u0641\u064a-15.30.05_507fa71f.jpg 1080w\" sizes=\"(max-width: 300px) 100vw, 300px\" \/><\/div><\/a>\n\t\t\t\t<div class=\"elementor-post__text\">\n\t\t\t\t<h3 class=\"elementor-post__title\">\n\t\t\t<a href=\"https:\/\/mirafood.com\/index.php\/2023\/12\/09\/mira-food-lauthenticite-et-la-qualite-dans-chaque-bouchee\/\" >\n\t\t\t\tMira Food : L&#8217;Authenticit\u00e9 et la Qualit\u00e9 dans Chaque Bouch\u00e9e\u2028\t\t\t<\/a>\n\t\t<\/h3>\n\t\t\n\t\t<a class=\"elementor-post__read-more\" href=\"https:\/\/mirafood.com\/index.php\/2023\/12\/09\/mira-food-lauthenticite-et-la-qualite-dans-chaque-bouchee\/\" aria-label=\"Read more about Mira Food : L&#8217;Authenticit\u00e9 et la Qualit\u00e9 dans Chaque Bouch\u00e9e\u2028\" tabindex=\"-1\" >\n\t\t\tRead More \u00bb\t\t<\/a>\n\n\t\t\t\t<\/div>\n\t\t\t\t<div class=\"elementor-post__meta-data\">\n\t\t\t\t\t<span class=\"elementor-post-date\">\n\t\t\tDecember 9, 2023\t\t<\/span>\n\t\t\t\t<span class=\"elementor-post-avatar\">\n\t\t\tNo Comments\t\t<\/span>\n\t\t\t\t<\/div>\n\t\t\t\t\t<\/div>\n\t\t<\/article>\n\t\t\t\t<article class=\"elementor-post elementor-grid-item post-1992 post type-post status-publish format-standard has-post-thumbnail hentry category-uncategorized\">\n\t\t\t<div class=\"elementor-post__card\">\n\t\t\t\t<a class=\"elementor-post__thumbnail__link\" href=\"https:\/\/mirafood.com\/index.php\/2023\/12\/09\/aubergine-grillee-de-mira-food-la-saveur-saine-de-la-mediterranee\/\" tabindex=\"-1\" ><div class=\"elementor-post__thumbnail\"><img decoding=\"async\" width=\"300\" height=\"300\" src=\"https:\/\/mirafood.com\/wp-content\/uploads\/2023\/12\/IMG_7020-300x300.jpg\" class=\"attachment-medium size-medium wp-image-1993\" alt=\"\" srcset=\"https:\/\/mirafood.com\/wp-content\/uploads\/2023\/12\/IMG_7020-300x300.jpg 300w, https:\/\/mirafood.com\/wp-content\/uploads\/2023\/12\/IMG_7020-1024x1024.jpg 1024w, https:\/\/mirafood.com\/wp-content\/uploads\/2023\/12\/IMG_7020-150x150.jpg 150w, https:\/\/mirafood.com\/wp-content\/uploads\/2023\/12\/IMG_7020-768x768.jpg 768w, https:\/\/mirafood.com\/wp-content\/uploads\/2023\/12\/IMG_7020.jpg 1080w\" sizes=\"(max-width: 300px) 100vw, 300px\" \/><\/div><\/a>\n\t\t\t\t<div class=\"elementor-post__text\">\n\t\t\t\t<h3 class=\"elementor-post__title\">\n\t\t\t<a href=\"https:\/\/mirafood.com\/index.php\/2023\/12\/09\/aubergine-grillee-de-mira-food-la-saveur-saine-de-la-mediterranee\/\" >\n\t\t\t\tAubergine Grill\u00e9e de Mira Food : La Saveur Saine de la M\u00e9diterran\u00e9e\t\t\t<\/a>\n\t\t<\/h3>\n\t\t\n\t\t<a class=\"elementor-post__read-more\" href=\"https:\/\/mirafood.com\/index.php\/2023\/12\/09\/aubergine-grillee-de-mira-food-la-saveur-saine-de-la-mediterranee\/\" aria-label=\"Read more about Aubergine Grill\u00e9e de Mira Food : La Saveur Saine de la M\u00e9diterran\u00e9e\" tabindex=\"-1\" >\n\t\t\tRead More \u00bb\t\t<\/a>\n\n\t\t\t\t<\/div>\n\t\t\t\t<div class=\"elementor-post__meta-data\">\n\t\t\t\t\t<span class=\"elementor-post-date\">\n\t\t\tDecember 9, 2023\t\t<\/span>\n\t\t\t\t<span class=\"elementor-post-avatar\">\n\t\t\tNo Comments\t\t<\/span>\n\t\t\t\t<\/div>\n\t\t\t\t\t<\/div>\n\t\t<\/article>\n\t\t\t\t<article class=\"elementor-post elementor-grid-item post-1988 post type-post status-publish format-standard has-post-thumbnail hentry category-uncategorized\">\n\t\t\t<div class=\"elementor-post__card\">\n\t\t\t\t<a class=\"elementor-post__thumbnail__link\" href=\"https:\/\/mirafood.com\/index.php\/2023\/12\/09\/le-halva-de-mira-food-une-elegante-fusion-de-tradition-et-de-sante\/\" tabindex=\"-1\" ><div class=\"elementor-post__thumbnail\"><img decoding=\"async\" width=\"300\" height=\"300\" src=\"https:\/\/mirafood.com\/wp-content\/uploads\/2023\/12\/IMG_7019-300x300.jpg\" class=\"attachment-medium size-medium wp-image-1991\" alt=\"\" srcset=\"https:\/\/mirafood.com\/wp-content\/uploads\/2023\/12\/IMG_7019-300x300.jpg 300w, https:\/\/mirafood.com\/wp-content\/uploads\/2023\/12\/IMG_7019-1024x1024.jpg 1024w, https:\/\/mirafood.com\/wp-content\/uploads\/2023\/12\/IMG_7019-150x150.jpg 150w, https:\/\/mirafood.com\/wp-content\/uploads\/2023\/12\/IMG_7019-768x768.jpg 768w, https:\/\/mirafood.com\/wp-content\/uploads\/2023\/12\/IMG_7019.jpg 1080w\" sizes=\"(max-width: 300px) 100vw, 300px\" \/><\/div><\/a>\n\t\t\t\t<div class=\"elementor-post__text\">\n\t\t\t\t<h3 class=\"elementor-post__title\">\n\t\t\t<a href=\"https:\/\/mirafood.com\/index.php\/2023\/12\/09\/le-halva-de-mira-food-une-elegante-fusion-de-tradition-et-de-sante\/\" >\n\t\t\t\tLe Halva de Mira Food : Une \u00c9l\u00e9gante Fusion de Tradition et de Sant\u00e9\t\t\t<\/a>\n\t\t<\/h3>\n\t\t\n\t\t<a class=\"elementor-post__read-more\" href=\"https:\/\/mirafood.com\/index.php\/2023\/12\/09\/le-halva-de-mira-food-une-elegante-fusion-de-tradition-et-de-sante\/\" aria-label=\"Read more about Le Halva de Mira Food : Une \u00c9l\u00e9gante Fusion de Tradition et de Sant\u00e9\" tabindex=\"-1\" >\n\t\t\tRead More \u00bb\t\t<\/a>\n\n\t\t\t\t<\/div>\n\t\t\t\t<div class=\"elementor-post__meta-data\">\n\t\t\t\t\t<span class=\"elementor-post-date\">\n\t\t\tDecember 9, 2023\t\t<\/span>\n\t\t\t\t<span class=\"elementor-post-avatar\">\n\t\t\tNo Comments\t\t<\/span>\n\t\t\t\t<\/div>\n\t\t\t\t\t<\/div>\n\t\t<\/article>\n\t\t\t\t<\/div>\n\t\t\n\t\t\t\t<\/div>\n\t\t\t\t<\/div>\n\t\t\t\t\t<\/div>\n\t\t<\/div>\n\t\t\t\t\t\t\t<\/div>\n\t\t<\/section>\n\t\t\t\t\t\t\t<\/div>\n\t\t","protected":false},"excerpt":{"rendered":"","protected":false},"author":1,"featured_media":0,"parent":0,"menu_order":0,"comment_status":"closed","ping_status":"closed","template":"","meta":{"site-sidebar-layout":"no-sidebar","site-content-layout":"page-builder","ast-site-content-layout":"","site-content-style":"default","site-sidebar-style":"default","ast-global-header-display":"","ast-banner-title-visibility":"","ast-main-header-display":"","ast-hfb-above-header-display":"","ast-hfb-below-header-display":"","ast-hfb-mobile-header-display":"","site-post-title":"disabled","ast-breadcrumbs-content":"","ast-featured-img":"disabled","footer-sml-layout":"","theme-transparent-header-meta":"","adv-header-id-meta":"","stick-header-meta":"","header-above-stick-meta":"","header-main-stick-meta":"","header-below-stick-meta":"","astra-migrate-meta-layouts":"","ast-page-background-enabled":"default","ast-page-background-meta":{"desktop":{"background-color":"var(--ast-global-color-4)","background-image":"","background-repeat":"repeat","background-position":"center center","background-size":"auto","background-attachment":"scroll","background-type":"","background-media":"","overlay-type":"","overlay-color":"","overlay-gradient":""},"tablet":{"background-color":"","background-image":"","background-repeat":"repeat","background-position":"center center","background-size":"auto","background-attachment":"scroll","background-type":"","background-media":"","overlay-type":"","overlay-color":"","overlay-gradient":""},"mobile":{"background-color":"","background-image":"","background-repeat":"repeat","background-position":"center center","background-size":"auto","background-attachment":"scroll","background-type":"","background-media":"","overlay-type":"","overlay-color":"","overlay-gradient":""}},"ast-content-background-meta":{"desktop":{"background-color":"var(--ast-global-color-5)","background-image":"","background-repeat":"repeat","background-position":"center center","background-size":"auto","background-attachment":"scroll","background-type":"","background-media":"","overlay-type":"","overlay-color":"","overlay-gradient":""},"tablet":{"background-color":"var(--ast-global-color-5)","background-image":"","background-repeat":"repeat","background-position":"center center","background-size":"auto","background-attachment":"scroll","background-type":"","background-media":"","overlay-type":"","overlay-color":"","overlay-gradient":""},"mobile":{"background-color":"var(--ast-global-color-5)","background-image":"","background-repeat":"repeat","background-position":"center center","background-size":"auto","background-attachment":"scroll","background-type":"","background-media":"","overlay-type":"","overlay-color":"","overlay-gradient":""}},"footnotes":""},"jetpack_sharing_enabled":true,"_links":{"self":[{"href":"https:\/\/mirafood.com\/index.php\/wp-json\/wp\/v2\/pages\/1475"}],"collection":[{"href":"https:\/\/mirafood.com\/index.php\/wp-json\/wp\/v2\/pages"}],"about":[{"href":"https:\/\/mirafood.com\/index.php\/wp-json\/wp\/v2\/types\/page"}],"author":[{"embeddable":true,"href":"https:\/\/mirafood.com\/index.php\/wp-json\/wp\/v2\/users\/1"}],"replies":[{"embeddable":true,"href":"https:\/\/mirafood.com\/index.php\/wp-json\/wp\/v2\/comments?post=1475"}],"version-history":[{"count":8,"href":"https:\/\/mirafood.com\/index.php\/wp-json\/wp\/v2\/pages\/1475\/revisions"}],"predecessor-version":[{"id":2003,"href":"https:\/\/mirafood.com\/index.php\/wp-json\/wp\/v2\/pages\/1475\/revisions\/2003"}],"wp:attachment":[{"href":"https:\/\/mirafood.com\/index.php\/wp-json\/wp\/v2\/media?parent=1475"}],"curies":[{"name":"wp","href":"https:\/\/api.w.org\/{rel}","templated":true}]}}